{"id":3144,"date":"2026-03-17T06:01:15","date_gmt":"2026-03-17T06:01:15","guid":{"rendered":"https:\/\/www.elevatedsafety-europe.com\/?post_type=product&#038;p=3144"},"modified":"2026-04-15T13:10:35","modified_gmt":"2026-04-15T13:10:35","slug":"pro-riggers-kit","status":"publish","type":"product","link":"https:\/\/www.elevatedsafety-europe.com\/fr\/produit\/pro-riggers-kit\/","title":{"rendered":"PRO RIGGERS KIT"},"content":{"rendered":"<p>Le kit Elevated Safety Pro Riggers, d\u00e9velopp\u00e9 en collaboration avec Never Let Go, est une solution compl\u00e8te et modulaire con\u00e7ue pour s\u00e9curiser les outils et r\u00e9duire les risques li\u00e9s \u00e0 la chute d&rsquo;objets lors des travaux en hauteur.<\/p>\n<p>Con\u00e7u pour les gr\u00e9eurs et les techniciens sp\u00e9cialis\u00e9s dans l&rsquo;acc\u00e8s sur cordes, ce kit allie praticit\u00e9, durabilit\u00e9 et efficacit\u00e9, vous aidant \u00e0 garder vos outils bien rang\u00e9s, accessibles et solidement attach\u00e9s \u00e0 tout moment.<\/p>\n<p>Contenu du kit<br \/>\n3 \u00d7 boucle d&rsquo;attache NLG 150 mm<br \/>\n5 \u00d7 petit anneau en D NLG pour attache d&rsquo;outils<br \/>\n1 \u00d7 bande d&rsquo;attache NLG<br \/>\n2 \u00d7 NLG Spin Tether<br \/>\n1 \u00d7 NLG Bilbock Velcro Anchor<br \/>\n1 \u00d7 NLG Ascent Pouch<br \/>\n1 \u00d7 NLG Phone Harness<br \/>\n1 \u00d7 NLG Lightweight Coil Lanyard<br \/>\n2 \u00d7 NLG Go Bungee Tool Lanyard<br \/>\n3 \u00d7 NLG Extended Coil Lanyard<br \/>\n1 \u00d7 NLG Aero Pouch<\/p>\n<p>Traduit avec DeepL.com (version gratuite)<\/p>\n","protected":false},"excerpt":{"rendered":"<p>Le kit Elevated Safety Pro Riggers, d\u00e9velopp\u00e9 en collaboration avec Never Let Go, est une solution compl\u00e8te et modulaire con\u00e7ue pour s\u00e9curiser les outils et r\u00e9duire les risques li\u00e9s \u00e0 la chute d&rsquo;objets lors des travaux en hauteur. Con\u00e7u pour les gr\u00e9eurs et les techniciens sp\u00e9cialis\u00e9s dans l&rsquo;acc\u00e8s sur cordes, ce kit allie praticit\u00e9, durabilit\u00e9 [&hellip;]<\/p>\n","protected":false},"featured_media":3145,"template":"","meta":{"_acf_changed":false,"inline_featured_image":false},"product_brand":[153],"product_cat":[125],"product_tag":[],"class_list":{"0":"post-3144","1":"product","2":"type-product","3":"status-publish","4":"has-post-thumbnail","6":"product_brand-nlg","7":"product_cat-kits","9":"first","10":"instock","11":"taxable","12":"shipping-taxable","13":"purchasable","14":"product-type-simple"},"acf":[],"yoast_head":"<!-- This site is optimized with the Yoast SEO plugin v27.4 - https:\/\/yoast.com\/product\/yoast-seo-wordpress\/ -->\n<title>PRO RIGGERS KIT - Elevated Safety<\/title>\n<meta name=\"robots\" content=\"index, follow, max-snippet:-1, max-image-preview:large, max-video-preview:-1\" \/>\n<link rel=\"canonical\" href=\"https:\/\/www.elevatedsafety-europe.com\/fr\/produit\/pro-riggers-kit\/\" \/>\n<meta property=\"og:locale\" content=\"fr_FR\" \/>\n<meta property=\"og:type\" content=\"article\" \/>\n<meta property=\"og:title\" content=\"PRO RIGGERS KIT - Elevated Safety\" \/>\n<meta property=\"og:description\" content=\"Le kit Elevated Safety Pro Riggers, d\u00e9velopp\u00e9 en collaboration avec Never Let Go, est une solution compl\u00e8te et modulaire con\u00e7ue pour s\u00e9curiser les outils et r\u00e9duire les risques li\u00e9s \u00e0 la chute d&rsquo;objets lors des travaux en hauteur. Con\u00e7u pour les gr\u00e9eurs et les techniciens sp\u00e9cialis\u00e9s dans l&rsquo;acc\u00e8s sur cordes, ce kit allie praticit\u00e9, durabilit\u00e9 [&hellip;]\" \/>\n<meta property=\"og:url\" content=\"https:\/\/www.elevatedsafety-europe.com\/fr\/produit\/pro-riggers-kit\/\" \/>\n<meta property=\"og:site_name\" content=\"Elevated Safety\" \/>\n<meta property=\"article:modified_time\" content=\"2026-04-15T13:10:35+00:00\" \/>\n<meta property=\"og:image\" content=\"https:\/\/www.elevatedsafety-europe.com\/wp-content\/uploads\/2026\/03\/produits-site-ES-54.png\" \/>\n\t<meta property=\"og:image:width\" content=\"1414\" \/>\n\t<meta property=\"og:image:height\" content=\"2000\" \/>\n\t<meta property=\"og:image:type\" content=\"image\/png\" \/>\n<meta name=\"twitter:card\" content=\"summary_large_image\" \/>\n<meta name=\"twitter:label1\" content=\"Dur\u00e9e de lecture estim\u00e9e\" \/>\n\t<meta name=\"twitter:data1\" content=\"1 minute\" \/>\n<script type=\"application\/ld+json\" class=\"yoast-schema-graph\">{\"@context\":\"https:\\\/\\\/schema.org\",\"@graph\":[{\"@type\":\"WebPage\",\"@id\":\"https:\\\/\\\/www.elevatedsafety-europe.com\\\/fr\\\/produit\\\/pro-riggers-kit\\\/\",\"url\":\"https:\\\/\\\/www.elevatedsafety-europe.com\\\/fr\\\/produit\\\/pro-riggers-kit\\\/\",\"name\":\"PRO RIGGERS KIT - Elevated Safety\",\"isPartOf\":{\"@id\":\"https:\\\/\\\/www.elevatedsafety-europe.com\\\/fr\\\/#website\"},\"primaryImageOfPage\":{\"@id\":\"https:\\\/\\\/www.elevatedsafety-europe.com\\\/fr\\\/produit\\\/pro-riggers-kit\\\/#primaryimage\"},\"image\":{\"@id\":\"https:\\\/\\\/www.elevatedsafety-europe.com\\\/fr\\\/produit\\\/pro-riggers-kit\\\/#primaryimage\"},\"thumbnailUrl\":\"https:\\\/\\\/www.elevatedsafety-europe.com\\\/wp-content\\\/uploads\\\/2026\\\/03\\\/produits-site-ES-54.png\",\"datePublished\":\"2026-03-17T06:01:15+00:00\",\"dateModified\":\"2026-04-15T13:10:35+00:00\",\"breadcrumb\":{\"@id\":\"https:\\\/\\\/www.elevatedsafety-europe.com\\\/fr\\\/produit\\\/pro-riggers-kit\\\/#breadcrumb\"},\"inLanguage\":\"fr-FR\",\"potentialAction\":[{\"@type\":\"ReadAction\",\"target\":[\"https:\\\/\\\/www.elevatedsafety-europe.com\\\/fr\\\/produit\\\/pro-riggers-kit\\\/\"]}]},{\"@type\":\"ImageObject\",\"inLanguage\":\"fr-FR\",\"@id\":\"https:\\\/\\\/www.elevatedsafety-europe.com\\\/fr\\\/produit\\\/pro-riggers-kit\\\/#primaryimage\",\"url\":\"https:\\\/\\\/www.elevatedsafety-europe.com\\\/wp-content\\\/uploads\\\/2026\\\/03\\\/produits-site-ES-54.png\",\"contentUrl\":\"https:\\\/\\\/www.elevatedsafety-europe.com\\\/wp-content\\\/uploads\\\/2026\\\/03\\\/produits-site-ES-54.png\",\"width\":1414,\"height\":2000},{\"@type\":\"BreadcrumbList\",\"@id\":\"https:\\\/\\\/www.elevatedsafety-europe.com\\\/fr\\\/produit\\\/pro-riggers-kit\\\/#breadcrumb\",\"itemListElement\":[{\"@type\":\"ListItem\",\"position\":1,\"name\":\"Accueil\",\"item\":\"https:\\\/\\\/www.elevatedsafety-europe.com\\\/fr\\\/\"},{\"@type\":\"ListItem\",\"position\":2,\"name\":\"Boutique\",\"item\":\"https:\\\/\\\/www.elevatedsafety-europe.com\\\/fr\\\/boutique\\\/\"},{\"@type\":\"ListItem\",\"position\":3,\"name\":\"Kits\",\"item\":\"https:\\\/\\\/www.elevatedsafety-europe.com\\\/fr\\\/categorie-produit\\\/kits\\\/\"},{\"@type\":\"ListItem\",\"position\":4,\"name\":\"PRO RIGGERS KIT\"}]},{\"@type\":\"WebSite\",\"@id\":\"https:\\\/\\\/www.elevatedsafety-europe.com\\\/fr\\\/#website\",\"url\":\"https:\\\/\\\/www.elevatedsafety-europe.com\\\/fr\\\/\",\"name\":\"Elevated Safety\",\"description\":\"\",\"potentialAction\":[{\"@type\":\"SearchAction\",\"target\":{\"@type\":\"EntryPoint\",\"urlTemplate\":\"https:\\\/\\\/www.elevatedsafety-europe.com\\\/fr\\\/?s={search_term_string}\"},\"query-input\":{\"@type\":\"PropertyValueSpecification\",\"valueRequired\":true,\"valueName\":\"search_term_string\"}}],\"inLanguage\":\"fr-FR\"}]}<\/script>\n<!-- \/ Yoast SEO plugin. -->","yoast_head_json":{"title":"PRO RIGGERS KIT - Elevated Safety","robots":{"index":"index","follow":"follow","max-snippet":"max-snippet:-1","max-image-preview":"max-image-preview:large","max-video-preview":"max-video-preview:-1"},"canonical":"https:\/\/www.elevatedsafety-europe.com\/fr\/produit\/pro-riggers-kit\/","og_locale":"fr_FR","og_type":"article","og_title":"PRO RIGGERS KIT - Elevated Safety","og_description":"Le kit Elevated Safety Pro Riggers, d\u00e9velopp\u00e9 en collaboration avec Never Let Go, est une solution compl\u00e8te et modulaire con\u00e7ue pour s\u00e9curiser les outils et r\u00e9duire les risques li\u00e9s \u00e0 la chute d&rsquo;objets lors des travaux en hauteur. Con\u00e7u pour les gr\u00e9eurs et les techniciens sp\u00e9cialis\u00e9s dans l&rsquo;acc\u00e8s sur cordes, ce kit allie praticit\u00e9, durabilit\u00e9 [&hellip;]","og_url":"https:\/\/www.elevatedsafety-europe.com\/fr\/produit\/pro-riggers-kit\/","og_site_name":"Elevated Safety","article_modified_time":"2026-04-15T13:10:35+00:00","og_image":[{"width":1414,"height":2000,"url":"https:\/\/www.elevatedsafety-europe.com\/wp-content\/uploads\/2026\/03\/produits-site-ES-54.png","type":"image\/png"}],"twitter_card":"summary_large_image","twitter_misc":{"Dur\u00e9e de lecture estim\u00e9e":"1 minute"},"schema":{"@context":"https:\/\/schema.org","@graph":[{"@type":"WebPage","@id":"https:\/\/www.elevatedsafety-europe.com\/fr\/produit\/pro-riggers-kit\/","url":"https:\/\/www.elevatedsafety-europe.com\/fr\/produit\/pro-riggers-kit\/","name":"PRO RIGGERS KIT - Elevated Safety","isPartOf":{"@id":"https:\/\/www.elevatedsafety-europe.com\/fr\/#website"},"primaryImageOfPage":{"@id":"https:\/\/www.elevatedsafety-europe.com\/fr\/produit\/pro-riggers-kit\/#primaryimage"},"image":{"@id":"https:\/\/www.elevatedsafety-europe.com\/fr\/produit\/pro-riggers-kit\/#primaryimage"},"thumbnailUrl":"https:\/\/www.elevatedsafety-europe.com\/wp-content\/uploads\/2026\/03\/produits-site-ES-54.png","datePublished":"2026-03-17T06:01:15+00:00","dateModified":"2026-04-15T13:10:35+00:00","breadcrumb":{"@id":"https:\/\/www.elevatedsafety-europe.com\/fr\/produit\/pro-riggers-kit\/#breadcrumb"},"inLanguage":"fr-FR","potentialAction":[{"@type":"ReadAction","target":["https:\/\/www.elevatedsafety-europe.com\/fr\/produit\/pro-riggers-kit\/"]}]},{"@type":"ImageObject","inLanguage":"fr-FR","@id":"https:\/\/www.elevatedsafety-europe.com\/fr\/produit\/pro-riggers-kit\/#primaryimage","url":"https:\/\/www.elevatedsafety-europe.com\/wp-content\/uploads\/2026\/03\/produits-site-ES-54.png","contentUrl":"https:\/\/www.elevatedsafety-europe.com\/wp-content\/uploads\/2026\/03\/produits-site-ES-54.png","width":1414,"height":2000},{"@type":"BreadcrumbList","@id":"https:\/\/www.elevatedsafety-europe.com\/fr\/produit\/pro-riggers-kit\/#breadcrumb","itemListElement":[{"@type":"ListItem","position":1,"name":"Accueil","item":"https:\/\/www.elevatedsafety-europe.com\/fr\/"},{"@type":"ListItem","position":2,"name":"Boutique","item":"https:\/\/www.elevatedsafety-europe.com\/fr\/boutique\/"},{"@type":"ListItem","position":3,"name":"Kits","item":"https:\/\/www.elevatedsafety-europe.com\/fr\/categorie-produit\/kits\/"},{"@type":"ListItem","position":4,"name":"PRO RIGGERS KIT"}]},{"@type":"WebSite","@id":"https:\/\/www.elevatedsafety-europe.com\/fr\/#website","url":"https:\/\/www.elevatedsafety-europe.com\/fr\/","name":"Elevated Safety","description":"","potentialAction":[{"@type":"SearchAction","target":{"@type":"EntryPoint","urlTemplate":"https:\/\/www.elevatedsafety-europe.com\/fr\/?s={search_term_string}"},"query-input":{"@type":"PropertyValueSpecification","valueRequired":true,"valueName":"search_term_string"}}],"inLanguage":"fr-FR"}]}},"_links":{"self":[{"href":"https:\/\/www.elevatedsafety-europe.com\/fr\/wp-json\/wp\/v2\/product\/3144","targetHints":{"allow":["GET"]}}],"collection":[{"href":"https:\/\/www.elevatedsafety-europe.com\/fr\/wp-json\/wp\/v2\/product"}],"about":[{"href":"https:\/\/www.elevatedsafety-europe.com\/fr\/wp-json\/wp\/v2\/types\/product"}],"wp:featuredmedia":[{"embeddable":true,"href":"https:\/\/www.elevatedsafety-europe.com\/fr\/wp-json\/wp\/v2\/media\/3145"}],"wp:attachment":[{"href":"https:\/\/www.elevatedsafety-europe.com\/fr\/wp-json\/wp\/v2\/media?parent=3144"}],"wp:term":[{"taxonomy":"product_brand","embeddable":true,"href":"https:\/\/www.elevatedsafety-europe.com\/fr\/wp-json\/wp\/v2\/product_brand?post=3144"},{"taxonomy":"product_cat","embeddable":true,"href":"https:\/\/www.elevatedsafety-europe.com\/fr\/wp-json\/wp\/v2\/product_cat?post=3144"},{"taxonomy":"product_tag","embeddable":true,"href":"https:\/\/www.elevatedsafety-europe.com\/fr\/wp-json\/wp\/v2\/product_tag?post=3144"}],"curies":[{"name":"wp","href":"https:\/\/api.w.org\/{rel}","templated":true}]}}