{"id":3037,"date":"2026-03-20T10:20:24","date_gmt":"2026-03-20T10:20:24","guid":{"rendered":"https:\/\/www.elevatedsafety-europe.com\/?post_type=product&#038;p=3037"},"modified":"2026-04-12T07:31:18","modified_gmt":"2026-04-12T07:31:18","slug":"axiom-slider-oasis","status":"publish","type":"product","link":"https:\/\/www.elevatedsafety-europe.com\/fr\/produit\/axiom-slider-oasis\/","title":{"rendered":"Axiom Slider, oasis"},"content":{"rendered":"<p>Mousqueton avec roulement \u00e0 billes int\u00e9gr\u00e9 dans la flasque. La poulie r\u00e9duit le frottement de la corde au minimum et conserve toute sa fonctionnalit\u00e9 m\u00eame soumise \u00e0 charge. La forme optimis\u00e9e du AXIOM assure un guidage optimal de la corde de mani\u00e8re \u00e0 ce qu\u2019elle passe toujours sur la poulie. Disponible avec un doigt classique ou le syst\u00e8me de verrouillage Slider automatique et tr\u00e8s compact. Le fermoir s\u2019ouvre en direction du roulement \u00e0 billes afin de faciliter la connexion de la corde.<\/p>\n","protected":false},"excerpt":{"rendered":"<p>Mousqueton avec roulement \u00e0 billes int\u00e9gr\u00e9 dans la flasque. La poulie r\u00e9duit le frottement de la corde au minimum et conserve toute sa fonctionnalit\u00e9 m\u00eame soumise \u00e0 charge. La forme optimis\u00e9e du AXIOM assure un guidage optimal de la corde de mani\u00e8re \u00e0 ce qu\u2019elle passe toujours sur la poulie. Disponible avec un doigt classique [&hellip;]<\/p>\n","protected":false},"featured_media":3043,"template":"","meta":{"_acf_changed":false,"inline_featured_image":false},"product_brand":[155],"product_cat":[121],"product_tag":[],"class_list":{"0":"post-3037","1":"product","2":"type-product","3":"status-publish","4":"has-post-thumbnail","6":"product_brand-edelrid","7":"product_cat-poulies","9":"first","10":"instock","11":"taxable","12":"shipping-taxable","13":"purchasable","14":"product-type-simple"},"acf":[],"yoast_head":"<!-- This site is optimized with the Yoast SEO plugin v27.4 - https:\/\/yoast.com\/product\/yoast-seo-wordpress\/ -->\n<title>Axiom Slider, oasis - Elevated Safety<\/title>\n<meta name=\"robots\" content=\"index, follow, max-snippet:-1, max-image-preview:large, max-video-preview:-1\" \/>\n<link rel=\"canonical\" href=\"https:\/\/www.elevatedsafety-europe.com\/fr\/produit\/axiom-slider-oasis\/\" \/>\n<meta property=\"og:locale\" content=\"fr_FR\" \/>\n<meta property=\"og:type\" content=\"article\" \/>\n<meta property=\"og:title\" content=\"Axiom Slider, oasis - Elevated Safety\" \/>\n<meta property=\"og:description\" content=\"Mousqueton avec roulement \u00e0 billes int\u00e9gr\u00e9 dans la flasque. La poulie r\u00e9duit le frottement de la corde au minimum et conserve toute sa fonctionnalit\u00e9 m\u00eame soumise \u00e0 charge. La forme optimis\u00e9e du AXIOM assure un guidage optimal de la corde de mani\u00e8re \u00e0 ce qu\u2019elle passe toujours sur la poulie. Disponible avec un doigt classique [&hellip;]\" \/>\n<meta property=\"og:url\" content=\"https:\/\/www.elevatedsafety-europe.com\/fr\/produit\/axiom-slider-oasis\/\" \/>\n<meta property=\"og:site_name\" content=\"Elevated Safety\" \/>\n<meta property=\"article:modified_time\" content=\"2026-04-12T07:31:18+00:00\" \/>\n<meta property=\"og:image\" content=\"https:\/\/www.elevatedsafety-europe.com\/wp-content\/uploads\/2026\/03\/produits-site-ES-1.png\" \/>\n\t<meta property=\"og:image:width\" content=\"1414\" \/>\n\t<meta property=\"og:image:height\" content=\"2000\" \/>\n\t<meta property=\"og:image:type\" content=\"image\/png\" \/>\n<meta name=\"twitter:card\" content=\"summary_large_image\" \/>\n<meta name=\"twitter:label1\" content=\"Dur\u00e9e de lecture estim\u00e9e\" \/>\n\t<meta name=\"twitter:data1\" content=\"1 minute\" \/>\n<script type=\"application\/ld+json\" class=\"yoast-schema-graph\">{\"@context\":\"https:\\\/\\\/schema.org\",\"@graph\":[{\"@type\":\"WebPage\",\"@id\":\"https:\\\/\\\/www.elevatedsafety-europe.com\\\/fr\\\/produit\\\/axiom-slider-oasis\\\/\",\"url\":\"https:\\\/\\\/www.elevatedsafety-europe.com\\\/fr\\\/produit\\\/axiom-slider-oasis\\\/\",\"name\":\"Axiom Slider, oasis - Elevated Safety\",\"isPartOf\":{\"@id\":\"https:\\\/\\\/www.elevatedsafety-europe.com\\\/fr\\\/#website\"},\"primaryImageOfPage\":{\"@id\":\"https:\\\/\\\/www.elevatedsafety-europe.com\\\/fr\\\/produit\\\/axiom-slider-oasis\\\/#primaryimage\"},\"image\":{\"@id\":\"https:\\\/\\\/www.elevatedsafety-europe.com\\\/fr\\\/produit\\\/axiom-slider-oasis\\\/#primaryimage\"},\"thumbnailUrl\":\"https:\\\/\\\/www.elevatedsafety-europe.com\\\/wp-content\\\/uploads\\\/2026\\\/03\\\/produits-site-ES-1.png\",\"datePublished\":\"2026-03-20T10:20:24+00:00\",\"dateModified\":\"2026-04-12T07:31:18+00:00\",\"breadcrumb\":{\"@id\":\"https:\\\/\\\/www.elevatedsafety-europe.com\\\/fr\\\/produit\\\/axiom-slider-oasis\\\/#breadcrumb\"},\"inLanguage\":\"fr-FR\",\"potentialAction\":[{\"@type\":\"ReadAction\",\"target\":[\"https:\\\/\\\/www.elevatedsafety-europe.com\\\/fr\\\/produit\\\/axiom-slider-oasis\\\/\"]}]},{\"@type\":\"ImageObject\",\"inLanguage\":\"fr-FR\",\"@id\":\"https:\\\/\\\/www.elevatedsafety-europe.com\\\/fr\\\/produit\\\/axiom-slider-oasis\\\/#primaryimage\",\"url\":\"https:\\\/\\\/www.elevatedsafety-europe.com\\\/wp-content\\\/uploads\\\/2026\\\/03\\\/produits-site-ES-1.png\",\"contentUrl\":\"https:\\\/\\\/www.elevatedsafety-europe.com\\\/wp-content\\\/uploads\\\/2026\\\/03\\\/produits-site-ES-1.png\",\"width\":1414,\"height\":2000},{\"@type\":\"BreadcrumbList\",\"@id\":\"https:\\\/\\\/www.elevatedsafety-europe.com\\\/fr\\\/produit\\\/axiom-slider-oasis\\\/#breadcrumb\",\"itemListElement\":[{\"@type\":\"ListItem\",\"position\":1,\"name\":\"Accueil\",\"item\":\"https:\\\/\\\/www.elevatedsafety-europe.com\\\/fr\\\/\"},{\"@type\":\"ListItem\",\"position\":2,\"name\":\"Boutique\",\"item\":\"https:\\\/\\\/www.elevatedsafety-europe.com\\\/fr\\\/boutique\\\/\"},{\"@type\":\"ListItem\",\"position\":3,\"name\":\"Poulies\",\"item\":\"https:\\\/\\\/www.elevatedsafety-europe.com\\\/fr\\\/categorie-produit\\\/poulies\\\/\"},{\"@type\":\"ListItem\",\"position\":4,\"name\":\"Axiom Slider, oasis\"}]},{\"@type\":\"WebSite\",\"@id\":\"https:\\\/\\\/www.elevatedsafety-europe.com\\\/fr\\\/#website\",\"url\":\"https:\\\/\\\/www.elevatedsafety-europe.com\\\/fr\\\/\",\"name\":\"Elevated Safety\",\"description\":\"\",\"potentialAction\":[{\"@type\":\"SearchAction\",\"target\":{\"@type\":\"EntryPoint\",\"urlTemplate\":\"https:\\\/\\\/www.elevatedsafety-europe.com\\\/fr\\\/?s={search_term_string}\"},\"query-input\":{\"@type\":\"PropertyValueSpecification\",\"valueRequired\":true,\"valueName\":\"search_term_string\"}}],\"inLanguage\":\"fr-FR\"}]}<\/script>\n<!-- \/ Yoast SEO plugin. -->","yoast_head_json":{"title":"Axiom Slider, oasis - Elevated Safety","robots":{"index":"index","follow":"follow","max-snippet":"max-snippet:-1","max-image-preview":"max-image-preview:large","max-video-preview":"max-video-preview:-1"},"canonical":"https:\/\/www.elevatedsafety-europe.com\/fr\/produit\/axiom-slider-oasis\/","og_locale":"fr_FR","og_type":"article","og_title":"Axiom Slider, oasis - Elevated Safety","og_description":"Mousqueton avec roulement \u00e0 billes int\u00e9gr\u00e9 dans la flasque. La poulie r\u00e9duit le frottement de la corde au minimum et conserve toute sa fonctionnalit\u00e9 m\u00eame soumise \u00e0 charge. La forme optimis\u00e9e du AXIOM assure un guidage optimal de la corde de mani\u00e8re \u00e0 ce qu\u2019elle passe toujours sur la poulie. Disponible avec un doigt classique [&hellip;]","og_url":"https:\/\/www.elevatedsafety-europe.com\/fr\/produit\/axiom-slider-oasis\/","og_site_name":"Elevated Safety","article_modified_time":"2026-04-12T07:31:18+00:00","og_image":[{"width":1414,"height":2000,"url":"https:\/\/www.elevatedsafety-europe.com\/wp-content\/uploads\/2026\/03\/produits-site-ES-1.png","type":"image\/png"}],"twitter_card":"summary_large_image","twitter_misc":{"Dur\u00e9e de lecture estim\u00e9e":"1 minute"},"schema":{"@context":"https:\/\/schema.org","@graph":[{"@type":"WebPage","@id":"https:\/\/www.elevatedsafety-europe.com\/fr\/produit\/axiom-slider-oasis\/","url":"https:\/\/www.elevatedsafety-europe.com\/fr\/produit\/axiom-slider-oasis\/","name":"Axiom Slider, oasis - Elevated Safety","isPartOf":{"@id":"https:\/\/www.elevatedsafety-europe.com\/fr\/#website"},"primaryImageOfPage":{"@id":"https:\/\/www.elevatedsafety-europe.com\/fr\/produit\/axiom-slider-oasis\/#primaryimage"},"image":{"@id":"https:\/\/www.elevatedsafety-europe.com\/fr\/produit\/axiom-slider-oasis\/#primaryimage"},"thumbnailUrl":"https:\/\/www.elevatedsafety-europe.com\/wp-content\/uploads\/2026\/03\/produits-site-ES-1.png","datePublished":"2026-03-20T10:20:24+00:00","dateModified":"2026-04-12T07:31:18+00:00","breadcrumb":{"@id":"https:\/\/www.elevatedsafety-europe.com\/fr\/produit\/axiom-slider-oasis\/#breadcrumb"},"inLanguage":"fr-FR","potentialAction":[{"@type":"ReadAction","target":["https:\/\/www.elevatedsafety-europe.com\/fr\/produit\/axiom-slider-oasis\/"]}]},{"@type":"ImageObject","inLanguage":"fr-FR","@id":"https:\/\/www.elevatedsafety-europe.com\/fr\/produit\/axiom-slider-oasis\/#primaryimage","url":"https:\/\/www.elevatedsafety-europe.com\/wp-content\/uploads\/2026\/03\/produits-site-ES-1.png","contentUrl":"https:\/\/www.elevatedsafety-europe.com\/wp-content\/uploads\/2026\/03\/produits-site-ES-1.png","width":1414,"height":2000},{"@type":"BreadcrumbList","@id":"https:\/\/www.elevatedsafety-europe.com\/fr\/produit\/axiom-slider-oasis\/#breadcrumb","itemListElement":[{"@type":"ListItem","position":1,"name":"Accueil","item":"https:\/\/www.elevatedsafety-europe.com\/fr\/"},{"@type":"ListItem","position":2,"name":"Boutique","item":"https:\/\/www.elevatedsafety-europe.com\/fr\/boutique\/"},{"@type":"ListItem","position":3,"name":"Poulies","item":"https:\/\/www.elevatedsafety-europe.com\/fr\/categorie-produit\/poulies\/"},{"@type":"ListItem","position":4,"name":"Axiom Slider, oasis"}]},{"@type":"WebSite","@id":"https:\/\/www.elevatedsafety-europe.com\/fr\/#website","url":"https:\/\/www.elevatedsafety-europe.com\/fr\/","name":"Elevated Safety","description":"","potentialAction":[{"@type":"SearchAction","target":{"@type":"EntryPoint","urlTemplate":"https:\/\/www.elevatedsafety-europe.com\/fr\/?s={search_term_string}"},"query-input":{"@type":"PropertyValueSpecification","valueRequired":true,"valueName":"search_term_string"}}],"inLanguage":"fr-FR"}]}},"_links":{"self":[{"href":"https:\/\/www.elevatedsafety-europe.com\/fr\/wp-json\/wp\/v2\/product\/3037","targetHints":{"allow":["GET"]}}],"collection":[{"href":"https:\/\/www.elevatedsafety-europe.com\/fr\/wp-json\/wp\/v2\/product"}],"about":[{"href":"https:\/\/www.elevatedsafety-europe.com\/fr\/wp-json\/wp\/v2\/types\/product"}],"wp:featuredmedia":[{"embeddable":true,"href":"https:\/\/www.elevatedsafety-europe.com\/fr\/wp-json\/wp\/v2\/media\/3043"}],"wp:attachment":[{"href":"https:\/\/www.elevatedsafety-europe.com\/fr\/wp-json\/wp\/v2\/media?parent=3037"}],"wp:term":[{"taxonomy":"product_brand","embeddable":true,"href":"https:\/\/www.elevatedsafety-europe.com\/fr\/wp-json\/wp\/v2\/product_brand?post=3037"},{"taxonomy":"product_cat","embeddable":true,"href":"https:\/\/www.elevatedsafety-europe.com\/fr\/wp-json\/wp\/v2\/product_cat?post=3037"},{"taxonomy":"product_tag","embeddable":true,"href":"https:\/\/www.elevatedsafety-europe.com\/fr\/wp-json\/wp\/v2\/product_tag?post=3037"}],"curies":[{"name":"wp","href":"https:\/\/api.w.org\/{rel}","templated":true}]}}