{"id":2894,"date":"2026-02-19T06:01:28","date_gmt":"2026-02-19T06:01:28","guid":{"rendered":"https:\/\/www.elevatedsafety-europe.com\/?post_type=product&#038;p=2894"},"modified":"2026-04-12T07:31:22","modified_gmt":"2026-04-12T07:31:22","slug":"poulie-crx2-noire-2","status":"publish","type":"product","link":"https:\/\/www.elevatedsafety-europe.com\/fr\/produit\/poulie-crx2-noire-2\/","title":{"rendered":"Poulie CRx2 Noire"},"content":{"rendered":"<p>Enti\u00e8rement repens\u00e9e, la poulie CRx2 constitue une am\u00e9lioration consid\u00e9rable par rapport \u00e0 la c\u00e9l\u00e8bre poulie CRx. La CRx2 est l\u00e9g\u00e8re et dispose d&rsquo;un axe en acier inoxydable et d&rsquo;un r\u00e9a en nylon l\u00e9ger afin d&rsquo;optimiser son efficacit\u00e9 et d&rsquo;offrir le meilleur rapport r\u00e9sistance\/poids. Elle est id\u00e9ale pour les alpinistes, les grimpeurs ou toute personne \u00e0 la recherche d&rsquo;une poulie l\u00e9g\u00e8re \u00e0 un prix avantageux. La taille compacte et le poids plume de la CRx2 ne refl\u00e8tent pas sa solidit\u00e9 et son efficacit\u00e9 ; elle est plus r\u00e9sistante que toute autre poulie de m\u00eame taille et de m\u00eame gamme de prix. Les plaques lat\u00e9rales sont compatibles avec le syst\u00e8me Prusik pour une utilisation dans un syst\u00e8me d&rsquo;avantage m\u00e9canique 3 pour 1. Le r\u00e9a en nylon de 1,25 pouce (2,4 cm) \u00e0 fonctionnement fluide tourne sur un axe rivet\u00e9 en acier inoxydable, et les plaques lat\u00e9rales en aluminium de couleur contrast\u00e9e pivotent pour faciliter l&rsquo;insertion et le retrait de la corde. Facile \u00e0 utiliser, facile \u00e0 transporter, c&rsquo;est un excellent compagnon en montagne et presque partout ailleurs. Cette poulie ne convient pas \u00e0 une utilisation sur des tyroliennes, des c\u00e2bles ou \u00e0 grande vitesse.<\/p>\n","protected":false},"excerpt":{"rendered":"<p>Enti\u00e8rement repens\u00e9e, la poulie CRx2 constitue une am\u00e9lioration consid\u00e9rable par rapport \u00e0 la c\u00e9l\u00e8bre poulie CRx. La CRx2 est l\u00e9g\u00e8re et dispose d&rsquo;un axe en acier inoxydable et d&rsquo;un r\u00e9a en nylon l\u00e9ger afin d&rsquo;optimiser son efficacit\u00e9 et d&rsquo;offrir le meilleur rapport r\u00e9sistance\/poids. Elle est id\u00e9ale pour les alpinistes, les grimpeurs ou toute personne \u00e0 [&hellip;]<\/p>\n","protected":false},"featured_media":2906,"template":"","meta":{"_acf_changed":false,"inline_featured_image":false},"product_brand":[148],"product_cat":[121],"product_tag":[],"class_list":{"0":"post-2894","1":"product","2":"type-product","3":"status-publish","4":"has-post-thumbnail","6":"product_brand-harken","7":"product_cat-poulies","9":"first","10":"instock","11":"taxable","12":"shipping-taxable","13":"purchasable","14":"product-type-simple"},"acf":[],"yoast_head":"<!-- This site is optimized with the Yoast SEO plugin v27.4 - https:\/\/yoast.com\/product\/yoast-seo-wordpress\/ -->\n<title>Poulie CRx2 Noire - Elevated Safety<\/title>\n<meta name=\"robots\" content=\"index, follow, max-snippet:-1, max-image-preview:large, max-video-preview:-1\" \/>\n<link rel=\"canonical\" href=\"https:\/\/www.elevatedsafety-europe.com\/fr\/produit\/poulie-crx2-noire-2\/\" \/>\n<meta property=\"og:locale\" content=\"fr_FR\" \/>\n<meta property=\"og:type\" content=\"article\" \/>\n<meta property=\"og:title\" content=\"Poulie CRx2 Noire - Elevated Safety\" \/>\n<meta property=\"og:description\" content=\"Enti\u00e8rement repens\u00e9e, la poulie CRx2 constitue une am\u00e9lioration consid\u00e9rable par rapport \u00e0 la c\u00e9l\u00e8bre poulie CRx. La CRx2 est l\u00e9g\u00e8re et dispose d&rsquo;un axe en acier inoxydable et d&rsquo;un r\u00e9a en nylon l\u00e9ger afin d&rsquo;optimiser son efficacit\u00e9 et d&rsquo;offrir le meilleur rapport r\u00e9sistance\/poids. Elle est id\u00e9ale pour les alpinistes, les grimpeurs ou toute personne \u00e0 [&hellip;]\" \/>\n<meta property=\"og:url\" content=\"https:\/\/www.elevatedsafety-europe.com\/fr\/produit\/poulie-crx2-noire-2\/\" \/>\n<meta property=\"og:site_name\" content=\"Elevated Safety\" \/>\n<meta property=\"article:modified_time\" content=\"2026-04-12T07:31:22+00:00\" \/>\n<meta property=\"og:image\" content=\"https:\/\/www.elevatedsafety-europe.com\/wp-content\/uploads\/2026\/02\/produits-site-ES-52.png\" \/>\n\t<meta property=\"og:image:width\" content=\"1414\" \/>\n\t<meta property=\"og:image:height\" content=\"2000\" \/>\n\t<meta property=\"og:image:type\" content=\"image\/png\" \/>\n<meta name=\"twitter:card\" content=\"summary_large_image\" \/>\n<meta name=\"twitter:label1\" content=\"Dur\u00e9e de lecture estim\u00e9e\" \/>\n\t<meta name=\"twitter:data1\" content=\"2 minutes\" \/>\n<script type=\"application\/ld+json\" class=\"yoast-schema-graph\">{\"@context\":\"https:\\\/\\\/schema.org\",\"@graph\":[{\"@type\":\"WebPage\",\"@id\":\"https:\\\/\\\/www.elevatedsafety-europe.com\\\/fr\\\/produit\\\/poulie-crx2-noire-2\\\/\",\"url\":\"https:\\\/\\\/www.elevatedsafety-europe.com\\\/fr\\\/produit\\\/poulie-crx2-noire-2\\\/\",\"name\":\"Poulie CRx2 Noire - Elevated Safety\",\"isPartOf\":{\"@id\":\"https:\\\/\\\/www.elevatedsafety-europe.com\\\/fr\\\/#website\"},\"primaryImageOfPage\":{\"@id\":\"https:\\\/\\\/www.elevatedsafety-europe.com\\\/fr\\\/produit\\\/poulie-crx2-noire-2\\\/#primaryimage\"},\"image\":{\"@id\":\"https:\\\/\\\/www.elevatedsafety-europe.com\\\/fr\\\/produit\\\/poulie-crx2-noire-2\\\/#primaryimage\"},\"thumbnailUrl\":\"https:\\\/\\\/www.elevatedsafety-europe.com\\\/wp-content\\\/uploads\\\/2026\\\/02\\\/produits-site-ES-52.png\",\"datePublished\":\"2026-02-19T06:01:28+00:00\",\"dateModified\":\"2026-04-12T07:31:22+00:00\",\"breadcrumb\":{\"@id\":\"https:\\\/\\\/www.elevatedsafety-europe.com\\\/fr\\\/produit\\\/poulie-crx2-noire-2\\\/#breadcrumb\"},\"inLanguage\":\"fr-FR\",\"potentialAction\":[{\"@type\":\"ReadAction\",\"target\":[\"https:\\\/\\\/www.elevatedsafety-europe.com\\\/fr\\\/produit\\\/poulie-crx2-noire-2\\\/\"]}]},{\"@type\":\"ImageObject\",\"inLanguage\":\"fr-FR\",\"@id\":\"https:\\\/\\\/www.elevatedsafety-europe.com\\\/fr\\\/produit\\\/poulie-crx2-noire-2\\\/#primaryimage\",\"url\":\"https:\\\/\\\/www.elevatedsafety-europe.com\\\/wp-content\\\/uploads\\\/2026\\\/02\\\/produits-site-ES-52.png\",\"contentUrl\":\"https:\\\/\\\/www.elevatedsafety-europe.com\\\/wp-content\\\/uploads\\\/2026\\\/02\\\/produits-site-ES-52.png\",\"width\":1414,\"height\":2000},{\"@type\":\"BreadcrumbList\",\"@id\":\"https:\\\/\\\/www.elevatedsafety-europe.com\\\/fr\\\/produit\\\/poulie-crx2-noire-2\\\/#breadcrumb\",\"itemListElement\":[{\"@type\":\"ListItem\",\"position\":1,\"name\":\"Accueil\",\"item\":\"https:\\\/\\\/www.elevatedsafety-europe.com\\\/fr\\\/\"},{\"@type\":\"ListItem\",\"position\":2,\"name\":\"Boutique\",\"item\":\"https:\\\/\\\/www.elevatedsafety-europe.com\\\/fr\\\/boutique\\\/\"},{\"@type\":\"ListItem\",\"position\":3,\"name\":\"Poulies\",\"item\":\"https:\\\/\\\/www.elevatedsafety-europe.com\\\/fr\\\/categorie-produit\\\/poulies\\\/\"},{\"@type\":\"ListItem\",\"position\":4,\"name\":\"Poulie CRx2 Noire\"}]},{\"@type\":\"WebSite\",\"@id\":\"https:\\\/\\\/www.elevatedsafety-europe.com\\\/fr\\\/#website\",\"url\":\"https:\\\/\\\/www.elevatedsafety-europe.com\\\/fr\\\/\",\"name\":\"Elevated Safety\",\"description\":\"\",\"potentialAction\":[{\"@type\":\"SearchAction\",\"target\":{\"@type\":\"EntryPoint\",\"urlTemplate\":\"https:\\\/\\\/www.elevatedsafety-europe.com\\\/fr\\\/?s={search_term_string}\"},\"query-input\":{\"@type\":\"PropertyValueSpecification\",\"valueRequired\":true,\"valueName\":\"search_term_string\"}}],\"inLanguage\":\"fr-FR\"}]}<\/script>\n<!-- \/ Yoast SEO plugin. -->","yoast_head_json":{"title":"Poulie CRx2 Noire - Elevated Safety","robots":{"index":"index","follow":"follow","max-snippet":"max-snippet:-1","max-image-preview":"max-image-preview:large","max-video-preview":"max-video-preview:-1"},"canonical":"https:\/\/www.elevatedsafety-europe.com\/fr\/produit\/poulie-crx2-noire-2\/","og_locale":"fr_FR","og_type":"article","og_title":"Poulie CRx2 Noire - Elevated Safety","og_description":"Enti\u00e8rement repens\u00e9e, la poulie CRx2 constitue une am\u00e9lioration consid\u00e9rable par rapport \u00e0 la c\u00e9l\u00e8bre poulie CRx. La CRx2 est l\u00e9g\u00e8re et dispose d&rsquo;un axe en acier inoxydable et d&rsquo;un r\u00e9a en nylon l\u00e9ger afin d&rsquo;optimiser son efficacit\u00e9 et d&rsquo;offrir le meilleur rapport r\u00e9sistance\/poids. Elle est id\u00e9ale pour les alpinistes, les grimpeurs ou toute personne \u00e0 [&hellip;]","og_url":"https:\/\/www.elevatedsafety-europe.com\/fr\/produit\/poulie-crx2-noire-2\/","og_site_name":"Elevated Safety","article_modified_time":"2026-04-12T07:31:22+00:00","og_image":[{"width":1414,"height":2000,"url":"https:\/\/www.elevatedsafety-europe.com\/wp-content\/uploads\/2026\/02\/produits-site-ES-52.png","type":"image\/png"}],"twitter_card":"summary_large_image","twitter_misc":{"Dur\u00e9e de lecture estim\u00e9e":"2 minutes"},"schema":{"@context":"https:\/\/schema.org","@graph":[{"@type":"WebPage","@id":"https:\/\/www.elevatedsafety-europe.com\/fr\/produit\/poulie-crx2-noire-2\/","url":"https:\/\/www.elevatedsafety-europe.com\/fr\/produit\/poulie-crx2-noire-2\/","name":"Poulie CRx2 Noire - Elevated Safety","isPartOf":{"@id":"https:\/\/www.elevatedsafety-europe.com\/fr\/#website"},"primaryImageOfPage":{"@id":"https:\/\/www.elevatedsafety-europe.com\/fr\/produit\/poulie-crx2-noire-2\/#primaryimage"},"image":{"@id":"https:\/\/www.elevatedsafety-europe.com\/fr\/produit\/poulie-crx2-noire-2\/#primaryimage"},"thumbnailUrl":"https:\/\/www.elevatedsafety-europe.com\/wp-content\/uploads\/2026\/02\/produits-site-ES-52.png","datePublished":"2026-02-19T06:01:28+00:00","dateModified":"2026-04-12T07:31:22+00:00","breadcrumb":{"@id":"https:\/\/www.elevatedsafety-europe.com\/fr\/produit\/poulie-crx2-noire-2\/#breadcrumb"},"inLanguage":"fr-FR","potentialAction":[{"@type":"ReadAction","target":["https:\/\/www.elevatedsafety-europe.com\/fr\/produit\/poulie-crx2-noire-2\/"]}]},{"@type":"ImageObject","inLanguage":"fr-FR","@id":"https:\/\/www.elevatedsafety-europe.com\/fr\/produit\/poulie-crx2-noire-2\/#primaryimage","url":"https:\/\/www.elevatedsafety-europe.com\/wp-content\/uploads\/2026\/02\/produits-site-ES-52.png","contentUrl":"https:\/\/www.elevatedsafety-europe.com\/wp-content\/uploads\/2026\/02\/produits-site-ES-52.png","width":1414,"height":2000},{"@type":"BreadcrumbList","@id":"https:\/\/www.elevatedsafety-europe.com\/fr\/produit\/poulie-crx2-noire-2\/#breadcrumb","itemListElement":[{"@type":"ListItem","position":1,"name":"Accueil","item":"https:\/\/www.elevatedsafety-europe.com\/fr\/"},{"@type":"ListItem","position":2,"name":"Boutique","item":"https:\/\/www.elevatedsafety-europe.com\/fr\/boutique\/"},{"@type":"ListItem","position":3,"name":"Poulies","item":"https:\/\/www.elevatedsafety-europe.com\/fr\/categorie-produit\/poulies\/"},{"@type":"ListItem","position":4,"name":"Poulie CRx2 Noire"}]},{"@type":"WebSite","@id":"https:\/\/www.elevatedsafety-europe.com\/fr\/#website","url":"https:\/\/www.elevatedsafety-europe.com\/fr\/","name":"Elevated Safety","description":"","potentialAction":[{"@type":"SearchAction","target":{"@type":"EntryPoint","urlTemplate":"https:\/\/www.elevatedsafety-europe.com\/fr\/?s={search_term_string}"},"query-input":{"@type":"PropertyValueSpecification","valueRequired":true,"valueName":"search_term_string"}}],"inLanguage":"fr-FR"}]}},"_links":{"self":[{"href":"https:\/\/www.elevatedsafety-europe.com\/fr\/wp-json\/wp\/v2\/product\/2894","targetHints":{"allow":["GET"]}}],"collection":[{"href":"https:\/\/www.elevatedsafety-europe.com\/fr\/wp-json\/wp\/v2\/product"}],"about":[{"href":"https:\/\/www.elevatedsafety-europe.com\/fr\/wp-json\/wp\/v2\/types\/product"}],"wp:featuredmedia":[{"embeddable":true,"href":"https:\/\/www.elevatedsafety-europe.com\/fr\/wp-json\/wp\/v2\/media\/2906"}],"wp:attachment":[{"href":"https:\/\/www.elevatedsafety-europe.com\/fr\/wp-json\/wp\/v2\/media?parent=2894"}],"wp:term":[{"taxonomy":"product_brand","embeddable":true,"href":"https:\/\/www.elevatedsafety-europe.com\/fr\/wp-json\/wp\/v2\/product_brand?post=2894"},{"taxonomy":"product_cat","embeddable":true,"href":"https:\/\/www.elevatedsafety-europe.com\/fr\/wp-json\/wp\/v2\/product_cat?post=2894"},{"taxonomy":"product_tag","embeddable":true,"href":"https:\/\/www.elevatedsafety-europe.com\/fr\/wp-json\/wp\/v2\/product_tag?post=2894"}],"curies":[{"name":"wp","href":"https:\/\/api.w.org\/{rel}","templated":true}]}}