{"id":1938,"date":"2026-01-15T08:59:45","date_gmt":"2026-01-15T08:59:45","guid":{"rendered":"https:\/\/www.elevatedsafety-europe.com\/?post_type=product&#038;p=1938"},"modified":"2026-04-12T07:31:11","modified_gmt":"2026-04-12T07:31:11","slug":"truck-loop","status":"publish","type":"product","link":"https:\/\/www.elevatedsafety-europe.com\/fr\/produit\/truck-loop\/","title":{"rendered":"TRUCK LOOP"},"content":{"rendered":"<p>Anneaux d\u2019amarrage de haute r\u00e9sistance, en polyamide de 28 mm. Fabriqu\u00e9s avec une sangle tubulaire de protection ext\u00e9rieure et une sangle portante interne. Un code couleur de couture est attribu\u00e9 \u00e0 chaque longueur de Truck Loop : 60 cm orange, 80 cm bleu, 120 cm vert, 160 cm rouge. Certification pour une utilisation par 3 personnes (TS 16415).<\/p>\n","protected":false},"excerpt":{"rendered":"<p>Anneaux d\u2019amarrage de haute r\u00e9sistance, en polyamide de 28 mm. Fabriqu\u00e9s avec une sangle tubulaire de protection ext\u00e9rieure et une sangle portante interne. Un code couleur de couture est attribu\u00e9 \u00e0 chaque longueur de Truck Loop : 60 cm orange, 80 cm bleu, 120 cm vert, 160 cm rouge. Certification pour une utilisation par 3 [&hellip;]<\/p>\n","protected":false},"featured_media":1933,"template":"","meta":{"_acf_changed":false,"inline_featured_image":false},"product_brand":[154],"product_cat":[112],"product_tag":[],"class_list":{"0":"post-1938","1":"product","2":"type-product","3":"status-publish","4":"has-post-thumbnail","6":"product_brand-camp","7":"product_cat-ancrages-et-sangles","8":"pa_variation-color-noir","9":"pa_variation-length-120-cm","10":"pa_variation-length-160-cm","11":"pa_variation-length-60-cm","12":"pa_variation-length-80-cm","14":"first","15":"outofstock","16":"taxable","17":"shipping-taxable","18":"purchasable","19":"product-type-variable"},"acf":[],"yoast_head":"<!-- This site is optimized with the Yoast SEO plugin v27.4 - https:\/\/yoast.com\/product\/yoast-seo-wordpress\/ -->\n<title>TRUCK LOOP - Elevated Safety<\/title>\n<meta name=\"robots\" content=\"index, follow, max-snippet:-1, max-image-preview:large, max-video-preview:-1\" \/>\n<link rel=\"canonical\" href=\"https:\/\/www.elevatedsafety-europe.com\/fr\/produit\/truck-loop\/\" \/>\n<meta property=\"og:locale\" content=\"fr_FR\" \/>\n<meta property=\"og:type\" content=\"article\" \/>\n<meta property=\"og:title\" content=\"TRUCK LOOP - Elevated Safety\" \/>\n<meta property=\"og:description\" content=\"Anneaux d\u2019amarrage de haute r\u00e9sistance, en polyamide de 28 mm. Fabriqu\u00e9s avec une sangle tubulaire de protection ext\u00e9rieure et une sangle portante interne. Un code couleur de couture est attribu\u00e9 \u00e0 chaque longueur de Truck Loop : 60 cm orange, 80 cm bleu, 120 cm vert, 160 cm rouge. Certification pour une utilisation par 3 [&hellip;]\" \/>\n<meta property=\"og:url\" content=\"https:\/\/www.elevatedsafety-europe.com\/fr\/produit\/truck-loop\/\" \/>\n<meta property=\"og:site_name\" content=\"Elevated Safety\" \/>\n<meta property=\"article:modified_time\" content=\"2026-04-12T07:31:11+00:00\" \/>\n<meta property=\"og:image\" content=\"https:\/\/www.elevatedsafety-europe.com\/wp-content\/uploads\/2026\/01\/produits-site-ES-36.png\" \/>\n\t<meta property=\"og:image:width\" content=\"1414\" \/>\n\t<meta property=\"og:image:height\" content=\"2000\" \/>\n\t<meta property=\"og:image:type\" content=\"image\/png\" \/>\n<meta name=\"twitter:card\" content=\"summary_large_image\" \/>\n<meta name=\"twitter:label1\" content=\"Dur\u00e9e de lecture estim\u00e9e\" \/>\n\t<meta name=\"twitter:data1\" content=\"1 minute\" \/>\n<script type=\"application\/ld+json\" class=\"yoast-schema-graph\">{\"@context\":\"https:\\\/\\\/schema.org\",\"@graph\":[{\"@type\":\"WebPage\",\"@id\":\"https:\\\/\\\/www.elevatedsafety-europe.com\\\/fr\\\/produit\\\/truck-loop\\\/\",\"url\":\"https:\\\/\\\/www.elevatedsafety-europe.com\\\/fr\\\/produit\\\/truck-loop\\\/\",\"name\":\"TRUCK LOOP - Elevated Safety\",\"isPartOf\":{\"@id\":\"https:\\\/\\\/www.elevatedsafety-europe.com\\\/fr\\\/#website\"},\"primaryImageOfPage\":{\"@id\":\"https:\\\/\\\/www.elevatedsafety-europe.com\\\/fr\\\/produit\\\/truck-loop\\\/#primaryimage\"},\"image\":{\"@id\":\"https:\\\/\\\/www.elevatedsafety-europe.com\\\/fr\\\/produit\\\/truck-loop\\\/#primaryimage\"},\"thumbnailUrl\":\"https:\\\/\\\/www.elevatedsafety-europe.com\\\/wp-content\\\/uploads\\\/2026\\\/01\\\/produits-site-ES-36.png\",\"datePublished\":\"2026-01-15T08:59:45+00:00\",\"dateModified\":\"2026-04-12T07:31:11+00:00\",\"breadcrumb\":{\"@id\":\"https:\\\/\\\/www.elevatedsafety-europe.com\\\/fr\\\/produit\\\/truck-loop\\\/#breadcrumb\"},\"inLanguage\":\"fr-FR\",\"potentialAction\":[{\"@type\":\"ReadAction\",\"target\":[\"https:\\\/\\\/www.elevatedsafety-europe.com\\\/fr\\\/produit\\\/truck-loop\\\/\"]}]},{\"@type\":\"ImageObject\",\"inLanguage\":\"fr-FR\",\"@id\":\"https:\\\/\\\/www.elevatedsafety-europe.com\\\/fr\\\/produit\\\/truck-loop\\\/#primaryimage\",\"url\":\"https:\\\/\\\/www.elevatedsafety-europe.com\\\/wp-content\\\/uploads\\\/2026\\\/01\\\/produits-site-ES-36.png\",\"contentUrl\":\"https:\\\/\\\/www.elevatedsafety-europe.com\\\/wp-content\\\/uploads\\\/2026\\\/01\\\/produits-site-ES-36.png\",\"width\":1414,\"height\":2000},{\"@type\":\"BreadcrumbList\",\"@id\":\"https:\\\/\\\/www.elevatedsafety-europe.com\\\/fr\\\/produit\\\/truck-loop\\\/#breadcrumb\",\"itemListElement\":[{\"@type\":\"ListItem\",\"position\":1,\"name\":\"Accueil\",\"item\":\"https:\\\/\\\/www.elevatedsafety-europe.com\\\/fr\\\/\"},{\"@type\":\"ListItem\",\"position\":2,\"name\":\"Boutique\",\"item\":\"https:\\\/\\\/www.elevatedsafety-europe.com\\\/fr\\\/boutique\\\/\"},{\"@type\":\"ListItem\",\"position\":3,\"name\":\"Ancrages et sangles\",\"item\":\"https:\\\/\\\/www.elevatedsafety-europe.com\\\/fr\\\/categorie-produit\\\/ancrages-et-sangles\\\/\"},{\"@type\":\"ListItem\",\"position\":4,\"name\":\"TRUCK LOOP\"}]},{\"@type\":\"WebSite\",\"@id\":\"https:\\\/\\\/www.elevatedsafety-europe.com\\\/fr\\\/#website\",\"url\":\"https:\\\/\\\/www.elevatedsafety-europe.com\\\/fr\\\/\",\"name\":\"Elevated Safety\",\"description\":\"\",\"potentialAction\":[{\"@type\":\"SearchAction\",\"target\":{\"@type\":\"EntryPoint\",\"urlTemplate\":\"https:\\\/\\\/www.elevatedsafety-europe.com\\\/fr\\\/?s={search_term_string}\"},\"query-input\":{\"@type\":\"PropertyValueSpecification\",\"valueRequired\":true,\"valueName\":\"search_term_string\"}}],\"inLanguage\":\"fr-FR\"}]}<\/script>\n<!-- \/ Yoast SEO plugin. -->","yoast_head_json":{"title":"TRUCK LOOP - Elevated Safety","robots":{"index":"index","follow":"follow","max-snippet":"max-snippet:-1","max-image-preview":"max-image-preview:large","max-video-preview":"max-video-preview:-1"},"canonical":"https:\/\/www.elevatedsafety-europe.com\/fr\/produit\/truck-loop\/","og_locale":"fr_FR","og_type":"article","og_title":"TRUCK LOOP - Elevated Safety","og_description":"Anneaux d\u2019amarrage de haute r\u00e9sistance, en polyamide de 28 mm. Fabriqu\u00e9s avec une sangle tubulaire de protection ext\u00e9rieure et une sangle portante interne. Un code couleur de couture est attribu\u00e9 \u00e0 chaque longueur de Truck Loop : 60 cm orange, 80 cm bleu, 120 cm vert, 160 cm rouge. Certification pour une utilisation par 3 [&hellip;]","og_url":"https:\/\/www.elevatedsafety-europe.com\/fr\/produit\/truck-loop\/","og_site_name":"Elevated Safety","article_modified_time":"2026-04-12T07:31:11+00:00","og_image":[{"width":1414,"height":2000,"url":"https:\/\/www.elevatedsafety-europe.com\/wp-content\/uploads\/2026\/01\/produits-site-ES-36.png","type":"image\/png"}],"twitter_card":"summary_large_image","twitter_misc":{"Dur\u00e9e de lecture estim\u00e9e":"1 minute"},"schema":{"@context":"https:\/\/schema.org","@graph":[{"@type":"WebPage","@id":"https:\/\/www.elevatedsafety-europe.com\/fr\/produit\/truck-loop\/","url":"https:\/\/www.elevatedsafety-europe.com\/fr\/produit\/truck-loop\/","name":"TRUCK LOOP - Elevated Safety","isPartOf":{"@id":"https:\/\/www.elevatedsafety-europe.com\/fr\/#website"},"primaryImageOfPage":{"@id":"https:\/\/www.elevatedsafety-europe.com\/fr\/produit\/truck-loop\/#primaryimage"},"image":{"@id":"https:\/\/www.elevatedsafety-europe.com\/fr\/produit\/truck-loop\/#primaryimage"},"thumbnailUrl":"https:\/\/www.elevatedsafety-europe.com\/wp-content\/uploads\/2026\/01\/produits-site-ES-36.png","datePublished":"2026-01-15T08:59:45+00:00","dateModified":"2026-04-12T07:31:11+00:00","breadcrumb":{"@id":"https:\/\/www.elevatedsafety-europe.com\/fr\/produit\/truck-loop\/#breadcrumb"},"inLanguage":"fr-FR","potentialAction":[{"@type":"ReadAction","target":["https:\/\/www.elevatedsafety-europe.com\/fr\/produit\/truck-loop\/"]}]},{"@type":"ImageObject","inLanguage":"fr-FR","@id":"https:\/\/www.elevatedsafety-europe.com\/fr\/produit\/truck-loop\/#primaryimage","url":"https:\/\/www.elevatedsafety-europe.com\/wp-content\/uploads\/2026\/01\/produits-site-ES-36.png","contentUrl":"https:\/\/www.elevatedsafety-europe.com\/wp-content\/uploads\/2026\/01\/produits-site-ES-36.png","width":1414,"height":2000},{"@type":"BreadcrumbList","@id":"https:\/\/www.elevatedsafety-europe.com\/fr\/produit\/truck-loop\/#breadcrumb","itemListElement":[{"@type":"ListItem","position":1,"name":"Accueil","item":"https:\/\/www.elevatedsafety-europe.com\/fr\/"},{"@type":"ListItem","position":2,"name":"Boutique","item":"https:\/\/www.elevatedsafety-europe.com\/fr\/boutique\/"},{"@type":"ListItem","position":3,"name":"Ancrages et sangles","item":"https:\/\/www.elevatedsafety-europe.com\/fr\/categorie-produit\/ancrages-et-sangles\/"},{"@type":"ListItem","position":4,"name":"TRUCK LOOP"}]},{"@type":"WebSite","@id":"https:\/\/www.elevatedsafety-europe.com\/fr\/#website","url":"https:\/\/www.elevatedsafety-europe.com\/fr\/","name":"Elevated Safety","description":"","potentialAction":[{"@type":"SearchAction","target":{"@type":"EntryPoint","urlTemplate":"https:\/\/www.elevatedsafety-europe.com\/fr\/?s={search_term_string}"},"query-input":{"@type":"PropertyValueSpecification","valueRequired":true,"valueName":"search_term_string"}}],"inLanguage":"fr-FR"}]}},"_links":{"self":[{"href":"https:\/\/www.elevatedsafety-europe.com\/fr\/wp-json\/wp\/v2\/product\/1938","targetHints":{"allow":["GET"]}}],"collection":[{"href":"https:\/\/www.elevatedsafety-europe.com\/fr\/wp-json\/wp\/v2\/product"}],"about":[{"href":"https:\/\/www.elevatedsafety-europe.com\/fr\/wp-json\/wp\/v2\/types\/product"}],"wp:featuredmedia":[{"embeddable":true,"href":"https:\/\/www.elevatedsafety-europe.com\/fr\/wp-json\/wp\/v2\/media\/1933"}],"wp:attachment":[{"href":"https:\/\/www.elevatedsafety-europe.com\/fr\/wp-json\/wp\/v2\/media?parent=1938"}],"wp:term":[{"taxonomy":"product_brand","embeddable":true,"href":"https:\/\/www.elevatedsafety-europe.com\/fr\/wp-json\/wp\/v2\/product_brand?post=1938"},{"taxonomy":"product_cat","embeddable":true,"href":"https:\/\/www.elevatedsafety-europe.com\/fr\/wp-json\/wp\/v2\/product_cat?post=1938"},{"taxonomy":"product_tag","embeddable":true,"href":"https:\/\/www.elevatedsafety-europe.com\/fr\/wp-json\/wp\/v2\/product_tag?post=1938"}],"curies":[{"name":"wp","href":"https:\/\/api.w.org\/{rel}","templated":true}]}}