{"id":1171,"date":"2026-01-13T13:25:57","date_gmt":"2026-01-13T13:25:57","guid":{"rendered":"https:\/\/www.elevatedsafety-europe.com\/?post_type=product&#038;p=1171"},"modified":"2026-04-12T07:31:12","modified_gmt":"2026-04-12T07:31:12","slug":"harnais-gt-taille-s-l","status":"publish","type":"product","link":"https:\/\/www.elevatedsafety-europe.com\/fr\/produit\/harnais-gt-taille-s-l\/","title":{"rendered":"Harnais GT Taille  S-L"},"content":{"rendered":"<p>Le harnais complet GT constitue le compromis id\u00e9al entre confort et l\u00e9g\u00e8ret\u00e9. D\u00e9velopp\u00e9 suivant les recommandations apparues suite \u00e0 notre programme de recherche \u00abSOSPESI\u00bb sur le syndrome de suspension. Tous les rembourrages, avec des \u00e9paisseurs et de textures variables, sont con\u00e7us pour donner un soutien ad\u00e9quat \u00e0 toutes les parties concern\u00e9es du corps. Boucles \u00e0 ouverture STS mont\u00e9es sur les cuisses. Attache ventrale caract\u00e9ris\u00e9e par deux anneaux concentriques : un pour l\u2019anneau en aluminium permettant la connexion des longes et des \u00e9quipements, l\u2019autre pour la connexion du harnais pectoral et le bloqueur ventral. 5 anneaux d&rsquo;attache en alliage d&rsquo;aluminium : ventral pour la suspension, lat\u00e9raux pour le maintien et la retenue, sternal et dorsal pour l\u2019antichute. Anneau textile post\u00e9rieur de retenue. \u00c9quip\u00e9 du mousqueton Nexum innovant caract\u00e9ris\u00e9 par une grande compacit\u00e9 pour un confort sternal maximal, fermeture keylock et verrouillage 3Lock, barre antirotation qui peut \u00eatre ouverte pour l&rsquo;insertion du bloqueur ventral Turbochest. Anneaux \u00e0 d\u00e9clenchement de s\u00e9curit\u00e9 pour stocker les longes antichute lorsqu&rsquo;elles ne sont pas utilis\u00e9es. \u00c9quip\u00e9 d&rsquo;une puce NFC TRACK pour l&rsquo;identification num\u00e9rique. 2 tailles.<\/p>\n","protected":false},"excerpt":{"rendered":"<p>Le harnais complet GT constitue le compromis id\u00e9al entre confort et l\u00e9g\u00e8ret\u00e9. D\u00e9velopp\u00e9 suivant les recommandations apparues suite \u00e0 notre programme de recherche \u00abSOSPESI\u00bb sur le syndrome de suspension. Tous les rembourrages, avec des \u00e9paisseurs et de textures variables, sont con\u00e7us pour donner un soutien ad\u00e9quat \u00e0 toutes les parties concern\u00e9es du corps. Boucles \u00e0 [&hellip;]<\/p>\n","protected":false},"featured_media":1170,"template":"","meta":{"_acf_changed":false,"inline_featured_image":false},"product_brand":[154],"product_cat":[118],"product_tag":[],"class_list":{"0":"post-1171","1":"product","2":"type-product","3":"status-publish","4":"has-post-thumbnail","6":"product_brand-camp","7":"product_cat-harnais","9":"first","10":"instock","11":"taxable","12":"shipping-taxable","13":"purchasable","14":"product-type-simple"},"acf":[],"yoast_head":"<!-- This site is optimized with the Yoast SEO plugin v27.4 - https:\/\/yoast.com\/product\/yoast-seo-wordpress\/ -->\n<title>Harnais GT Taille S-L - Elevated Safety<\/title>\n<meta name=\"robots\" content=\"index, follow, max-snippet:-1, max-image-preview:large, max-video-preview:-1\" \/>\n<link rel=\"canonical\" href=\"https:\/\/www.elevatedsafety-europe.com\/fr\/produit\/harnais-gt-taille-s-l\/\" \/>\n<meta property=\"og:locale\" content=\"fr_FR\" \/>\n<meta property=\"og:type\" content=\"article\" \/>\n<meta property=\"og:title\" content=\"Harnais GT Taille S-L - Elevated Safety\" \/>\n<meta property=\"og:description\" content=\"Le harnais complet GT constitue le compromis id\u00e9al entre confort et l\u00e9g\u00e8ret\u00e9. D\u00e9velopp\u00e9 suivant les recommandations apparues suite \u00e0 notre programme de recherche \u00abSOSPESI\u00bb sur le syndrome de suspension. Tous les rembourrages, avec des \u00e9paisseurs et de textures variables, sont con\u00e7us pour donner un soutien ad\u00e9quat \u00e0 toutes les parties concern\u00e9es du corps. Boucles \u00e0 [&hellip;]\" \/>\n<meta property=\"og:url\" content=\"https:\/\/www.elevatedsafety-europe.com\/fr\/produit\/harnais-gt-taille-s-l\/\" \/>\n<meta property=\"og:site_name\" content=\"Elevated Safety\" \/>\n<meta property=\"article:modified_time\" content=\"2026-04-12T07:31:12+00:00\" \/>\n<meta property=\"og:image\" content=\"https:\/\/www.elevatedsafety-europe.com\/wp-content\/uploads\/2026\/01\/10.png\" \/>\n\t<meta property=\"og:image:width\" content=\"1414\" \/>\n\t<meta property=\"og:image:height\" content=\"2000\" \/>\n\t<meta property=\"og:image:type\" content=\"image\/png\" \/>\n<meta name=\"twitter:card\" content=\"summary_large_image\" \/>\n<meta name=\"twitter:label1\" content=\"Dur\u00e9e de lecture estim\u00e9e\" \/>\n\t<meta name=\"twitter:data1\" content=\"1 minute\" \/>\n<script type=\"application\/ld+json\" class=\"yoast-schema-graph\">{\"@context\":\"https:\\\/\\\/schema.org\",\"@graph\":[{\"@type\":\"WebPage\",\"@id\":\"https:\\\/\\\/www.elevatedsafety-europe.com\\\/fr\\\/produit\\\/harnais-gt-taille-s-l\\\/\",\"url\":\"https:\\\/\\\/www.elevatedsafety-europe.com\\\/fr\\\/produit\\\/harnais-gt-taille-s-l\\\/\",\"name\":\"Harnais GT Taille S-L - Elevated Safety\",\"isPartOf\":{\"@id\":\"https:\\\/\\\/www.elevatedsafety-europe.com\\\/fr\\\/#website\"},\"primaryImageOfPage\":{\"@id\":\"https:\\\/\\\/www.elevatedsafety-europe.com\\\/fr\\\/produit\\\/harnais-gt-taille-s-l\\\/#primaryimage\"},\"image\":{\"@id\":\"https:\\\/\\\/www.elevatedsafety-europe.com\\\/fr\\\/produit\\\/harnais-gt-taille-s-l\\\/#primaryimage\"},\"thumbnailUrl\":\"https:\\\/\\\/www.elevatedsafety-europe.com\\\/wp-content\\\/uploads\\\/2026\\\/01\\\/10.png\",\"datePublished\":\"2026-01-13T13:25:57+00:00\",\"dateModified\":\"2026-04-12T07:31:12+00:00\",\"breadcrumb\":{\"@id\":\"https:\\\/\\\/www.elevatedsafety-europe.com\\\/fr\\\/produit\\\/harnais-gt-taille-s-l\\\/#breadcrumb\"},\"inLanguage\":\"fr-FR\",\"potentialAction\":[{\"@type\":\"ReadAction\",\"target\":[\"https:\\\/\\\/www.elevatedsafety-europe.com\\\/fr\\\/produit\\\/harnais-gt-taille-s-l\\\/\"]}]},{\"@type\":\"ImageObject\",\"inLanguage\":\"fr-FR\",\"@id\":\"https:\\\/\\\/www.elevatedsafety-europe.com\\\/fr\\\/produit\\\/harnais-gt-taille-s-l\\\/#primaryimage\",\"url\":\"https:\\\/\\\/www.elevatedsafety-europe.com\\\/wp-content\\\/uploads\\\/2026\\\/01\\\/10.png\",\"contentUrl\":\"https:\\\/\\\/www.elevatedsafety-europe.com\\\/wp-content\\\/uploads\\\/2026\\\/01\\\/10.png\",\"width\":1414,\"height\":2000},{\"@type\":\"BreadcrumbList\",\"@id\":\"https:\\\/\\\/www.elevatedsafety-europe.com\\\/fr\\\/produit\\\/harnais-gt-taille-s-l\\\/#breadcrumb\",\"itemListElement\":[{\"@type\":\"ListItem\",\"position\":1,\"name\":\"Accueil\",\"item\":\"https:\\\/\\\/www.elevatedsafety-europe.com\\\/fr\\\/\"},{\"@type\":\"ListItem\",\"position\":2,\"name\":\"Boutique\",\"item\":\"https:\\\/\\\/www.elevatedsafety-europe.com\\\/fr\\\/boutique\\\/\"},{\"@type\":\"ListItem\",\"position\":3,\"name\":\"Harnais\",\"item\":\"https:\\\/\\\/www.elevatedsafety-europe.com\\\/fr\\\/categorie-produit\\\/harnais\\\/\"},{\"@type\":\"ListItem\",\"position\":4,\"name\":\"Harnais GT Taille S-L\"}]},{\"@type\":\"WebSite\",\"@id\":\"https:\\\/\\\/www.elevatedsafety-europe.com\\\/fr\\\/#website\",\"url\":\"https:\\\/\\\/www.elevatedsafety-europe.com\\\/fr\\\/\",\"name\":\"Elevated Safety\",\"description\":\"\",\"potentialAction\":[{\"@type\":\"SearchAction\",\"target\":{\"@type\":\"EntryPoint\",\"urlTemplate\":\"https:\\\/\\\/www.elevatedsafety-europe.com\\\/fr\\\/?s={search_term_string}\"},\"query-input\":{\"@type\":\"PropertyValueSpecification\",\"valueRequired\":true,\"valueName\":\"search_term_string\"}}],\"inLanguage\":\"fr-FR\"}]}<\/script>\n<!-- \/ Yoast SEO plugin. -->","yoast_head_json":{"title":"Harnais GT Taille S-L - Elevated Safety","robots":{"index":"index","follow":"follow","max-snippet":"max-snippet:-1","max-image-preview":"max-image-preview:large","max-video-preview":"max-video-preview:-1"},"canonical":"https:\/\/www.elevatedsafety-europe.com\/fr\/produit\/harnais-gt-taille-s-l\/","og_locale":"fr_FR","og_type":"article","og_title":"Harnais GT Taille S-L - Elevated Safety","og_description":"Le harnais complet GT constitue le compromis id\u00e9al entre confort et l\u00e9g\u00e8ret\u00e9. D\u00e9velopp\u00e9 suivant les recommandations apparues suite \u00e0 notre programme de recherche \u00abSOSPESI\u00bb sur le syndrome de suspension. Tous les rembourrages, avec des \u00e9paisseurs et de textures variables, sont con\u00e7us pour donner un soutien ad\u00e9quat \u00e0 toutes les parties concern\u00e9es du corps. Boucles \u00e0 [&hellip;]","og_url":"https:\/\/www.elevatedsafety-europe.com\/fr\/produit\/harnais-gt-taille-s-l\/","og_site_name":"Elevated Safety","article_modified_time":"2026-04-12T07:31:12+00:00","og_image":[{"width":1414,"height":2000,"url":"https:\/\/www.elevatedsafety-europe.com\/wp-content\/uploads\/2026\/01\/10.png","type":"image\/png"}],"twitter_card":"summary_large_image","twitter_misc":{"Dur\u00e9e de lecture estim\u00e9e":"1 minute"},"schema":{"@context":"https:\/\/schema.org","@graph":[{"@type":"WebPage","@id":"https:\/\/www.elevatedsafety-europe.com\/fr\/produit\/harnais-gt-taille-s-l\/","url":"https:\/\/www.elevatedsafety-europe.com\/fr\/produit\/harnais-gt-taille-s-l\/","name":"Harnais GT Taille S-L - Elevated Safety","isPartOf":{"@id":"https:\/\/www.elevatedsafety-europe.com\/fr\/#website"},"primaryImageOfPage":{"@id":"https:\/\/www.elevatedsafety-europe.com\/fr\/produit\/harnais-gt-taille-s-l\/#primaryimage"},"image":{"@id":"https:\/\/www.elevatedsafety-europe.com\/fr\/produit\/harnais-gt-taille-s-l\/#primaryimage"},"thumbnailUrl":"https:\/\/www.elevatedsafety-europe.com\/wp-content\/uploads\/2026\/01\/10.png","datePublished":"2026-01-13T13:25:57+00:00","dateModified":"2026-04-12T07:31:12+00:00","breadcrumb":{"@id":"https:\/\/www.elevatedsafety-europe.com\/fr\/produit\/harnais-gt-taille-s-l\/#breadcrumb"},"inLanguage":"fr-FR","potentialAction":[{"@type":"ReadAction","target":["https:\/\/www.elevatedsafety-europe.com\/fr\/produit\/harnais-gt-taille-s-l\/"]}]},{"@type":"ImageObject","inLanguage":"fr-FR","@id":"https:\/\/www.elevatedsafety-europe.com\/fr\/produit\/harnais-gt-taille-s-l\/#primaryimage","url":"https:\/\/www.elevatedsafety-europe.com\/wp-content\/uploads\/2026\/01\/10.png","contentUrl":"https:\/\/www.elevatedsafety-europe.com\/wp-content\/uploads\/2026\/01\/10.png","width":1414,"height":2000},{"@type":"BreadcrumbList","@id":"https:\/\/www.elevatedsafety-europe.com\/fr\/produit\/harnais-gt-taille-s-l\/#breadcrumb","itemListElement":[{"@type":"ListItem","position":1,"name":"Accueil","item":"https:\/\/www.elevatedsafety-europe.com\/fr\/"},{"@type":"ListItem","position":2,"name":"Boutique","item":"https:\/\/www.elevatedsafety-europe.com\/fr\/boutique\/"},{"@type":"ListItem","position":3,"name":"Harnais","item":"https:\/\/www.elevatedsafety-europe.com\/fr\/categorie-produit\/harnais\/"},{"@type":"ListItem","position":4,"name":"Harnais GT Taille S-L"}]},{"@type":"WebSite","@id":"https:\/\/www.elevatedsafety-europe.com\/fr\/#website","url":"https:\/\/www.elevatedsafety-europe.com\/fr\/","name":"Elevated Safety","description":"","potentialAction":[{"@type":"SearchAction","target":{"@type":"EntryPoint","urlTemplate":"https:\/\/www.elevatedsafety-europe.com\/fr\/?s={search_term_string}"},"query-input":{"@type":"PropertyValueSpecification","valueRequired":true,"valueName":"search_term_string"}}],"inLanguage":"fr-FR"}]}},"_links":{"self":[{"href":"https:\/\/www.elevatedsafety-europe.com\/fr\/wp-json\/wp\/v2\/product\/1171","targetHints":{"allow":["GET"]}}],"collection":[{"href":"https:\/\/www.elevatedsafety-europe.com\/fr\/wp-json\/wp\/v2\/product"}],"about":[{"href":"https:\/\/www.elevatedsafety-europe.com\/fr\/wp-json\/wp\/v2\/types\/product"}],"wp:featuredmedia":[{"embeddable":true,"href":"https:\/\/www.elevatedsafety-europe.com\/fr\/wp-json\/wp\/v2\/media\/1170"}],"wp:attachment":[{"href":"https:\/\/www.elevatedsafety-europe.com\/fr\/wp-json\/wp\/v2\/media?parent=1171"}],"wp:term":[{"taxonomy":"product_brand","embeddable":true,"href":"https:\/\/www.elevatedsafety-europe.com\/fr\/wp-json\/wp\/v2\/product_brand?post=1171"},{"taxonomy":"product_cat","embeddable":true,"href":"https:\/\/www.elevatedsafety-europe.com\/fr\/wp-json\/wp\/v2\/product_cat?post=1171"},{"taxonomy":"product_tag","embeddable":true,"href":"https:\/\/www.elevatedsafety-europe.com\/fr\/wp-json\/wp\/v2\/product_tag?post=1171"}],"curies":[{"name":"wp","href":"https:\/\/api.w.org\/{rel}","templated":true}]}}